{"id":379,"date":"2018-07-09T10:55:17","date_gmt":"2018-07-09T10:55:17","guid":{"rendered":"http:\/\/lonestarcultura.cat\/?page_id=379"},"modified":"2022-07-20T20:24:59","modified_gmt":"2022-07-20T20:24:59","slug":"home-2","status":"publish","type":"page","link":"https:\/\/lonestarcultura.cat\/es\/","title":{"rendered":"Home"},"content":{"rendered":"<div data-elementor-type=\"wp-post\" data-elementor-id=\"379\" class=\"elementor elementor-379\">\n\t\t\t\t\t\t<div class=\"elementor-inner\">\n\t\t\t\t<div class=\"elementor-section-wrap\">\n\t\t\t\t\t\t\t\t\t<section class=\"elementor-section elementor-top-section elementor-element elementor-element-9368cbe elementor-section-full_width elementor-section-height-default elementor-section-height-default\" data-id=\"9368cbe\" data-element_type=\"section\">\n\t\t\t\t\t\t<div class=\"elementor-container elementor-column-gap-no\">\n\t\t\t\t\t\t\t<div class=\"elementor-row\">\n\t\t\t\t\t<div class=\"elementor-column elementor-col-100 elementor-top-column elementor-element elementor-element-50369be\" data-id=\"50369be\" data-element_type=\"column\">\n\t\t\t<div class=\"elementor-column-wrap elementor-element-populated\">\n\t\t\t\t\t\t\t<div class=\"elementor-widget-wrap\">\n\t\t\t\t\t\t<div class=\"elementor-element elementor-element-35ba19c elementor-widget elementor-widget-xs-doors-slider\" data-id=\"35ba19c\" data-element_type=\"widget\" data-widget_type=\"xs-doors-slider.default\">\n\t\t\t\t<div class=\"elementor-widget-container\">\n\t\t\t\n<div id=\"carousel-wrapper\">\n    <div id=\"home-carousel\" class=\"carousel slide\" data-ride=\"carousel\">\n        <div class=\"container\">\n            <div class=\"carousel-arrows\">\n                <a class=\"home-carousel-left\" href=\"#home-carousel\" data-slide=\"prev\"><i class=\"fa fa-angle-left\"><\/i><\/a>\n                <a class=\"home-carousel-right\" href=\"#home-carousel\" data-slide=\"next\"><i class=\"fa fa-angle-right\"><\/i><\/a>\n            <\/div>\n        <\/div>\n\t\t\t\t\t<div class=\"carousel-inner\">\n\t\t\t\t\n\t\t\t\t\t<div class=\"item\" style=\"background-image: url('http:\/\/lonestarcultura.cat\/wp-content\/uploads\/2020\/04\/32199.jpg ')\">\n\n\t\t\t\t\t\t<div class=\"carousel-caption container\">\n\t\t\t\t\t\t\t\t\t\t\t\t\t\t\t<h1 class=\"door-slider-title animated fadeInUpBig\">Mirades cr\u00edtiques <\/h1>\n\t\t\t\t\t\t\t\t\t\t\t\t\t\t\t\t\t\t\t\t\t\t<h2 class=\"door-slider-sub-title animated zoomIn\">Cine<\/h2>\n\t\t\t\t\t\t\t\t\t\t\t\t\t\t\t\t\t\t\t\t\t\t<p class=\"animated fadeInDownBig\">Seminaris de cr\u00edtica i an\u00e0lisi cinematogr\u00e0fica per a p\u00fablic en general, a fi d\u2019enriquir la seva capacitat de valorar i gaudir del cinema.<\/p>\n\t\t\t\t\t\t\t\t\t\t\t\t\t<\/div>\n\t\t\t\t\t<\/div>\n\t\t\t\t\t\t\t\t\t\n\t\t\t\t\t<div class=\"item active\" style=\"background-image: url('http:\/\/lonestarcultura.cat\/wp-content\/uploads\/2020\/04\/stockvault-theater128363-tallat.jpg ')\">\n\n\t\t\t\t\t\t<div class=\"carousel-caption container\">\n\t\t\t\t\t\t\t\t\t\t\t\t\t\t\t<h1 class=\"door-slider-title animated fadeInUpBig\">Escenaris socials <\/h1>\n\t\t\t\t\t\t\t\t\t\t\t\t\t\t\t\t\t\t\t\t\t\t<h2 class=\"door-slider-sub-title animated zoomIn\">Arts esc\u00e8niques<\/h2>\n\t\t\t\t\t\t\t\t\t\t\t\t\t\t\t\t\t\t\t\t\t\t<p class=\"animated fadeInDownBig\">Tallers per a adolescents i joves, jornades professionals i festivals. Formaci\u00f3, debat i gaudi: \u00e9s la nostra aposta.<\/p>\n\t\t\t\t\t\t\t\t\t\t\t\t\t<\/div>\n\t\t\t\t\t<\/div>\n\t\t\t\t\t\t\t\t\t\n\t\t\t\t\t<div class=\"item\" style=\"background-image: url('http:\/\/lonestarcultura.cat\/wp-content\/uploads\/2020\/04\/498281-PHF018-717.jpg ')\">\n\n\t\t\t\t\t\t<div class=\"carousel-caption container\">\n\t\t\t\t\t\t\t\t\t\t\t\t\t\t\t<h1 class=\"door-slider-title animated fadeInUpBig\">Pensament i reflexi\u00f3 <\/h1>\n\t\t\t\t\t\t\t\t\t\t\t\t\t\t\t\t\t\t\t\t\t\t<h2 class=\"door-slider-sub-title animated zoomIn\">Literatura i assaig<\/h2>\n\t\t\t\t\t\t\t\t\t\t\t\t\t\t\t\t\t\t\t\t\t\t<p class=\"animated fadeInDownBig\">Seminaris d\u2019escriptura. Cicles de xerrades liter\u00e0ries. Grups de debat i lectura. Fires i trobades professionals.<\/p>\n\t\t\t\t\t\t\t\t\t\t\t\t\t<\/div>\n\t\t\t\t\t<\/div>\n\t\t\t\t\t\t\t\t\t\t\t\t<\/div>\n\t\t\n        <div class=\"brand-promotion\">\n            <div class=\"container\">\n                <div class=\"media row\">\n\n\t\t\t\t\t\t\t\t\t\t\t\t<div class=\"col-sm-4\">\n\t\t\t\t\t\t\t\t<div class=\"brand-content\">\n\n\t\t\t\t\t\t\t\t\t\t\t\t\t\t\t\t\t\t\t <img width=\"56\" height=\"47\" src=\"https:\/\/lonestarcultura.cat\/wp-content\/uploads\/2018\/05\/brand21.png\" class=\"pull-left img-responsive\" alt=\"brand2\" loading=\"lazy\" \/>\t\t\t\t\t\t\t\t\t\n\n\t\t\t\t\t\t\t\t\t<div class=\"media-body\">\n\n\t\t\t\t\t\t\t\t\t\t\t\t\t\t\t\t\t\t\t\t\t<a href=\"#\"><h2>Transformaci\u00f3<\/h2><\/a>\n\t\t\t\t\t\t\t\t\t\t\t\t\t\t\t\t\t\t\t\t\t\t\t\t\t\t\t\t\t\t\t\t<p>Entenem la cultura com un dret b\u00e0sic de les persones. Com una eina per a la cohesi\u00f3 i la transformaci\u00f3 social. Com un b\u00e9 universal.<\/p>\n\t\t\t\t\t\t\t\t\t\t\t<\/div>\n\t\t\t\t\t\t\t\t<\/div>\n\t\t\t\t\t\t\t<\/div>\n\t\t\t\t\t\t\t\t<div class=\"col-sm-4\">\n\t\t\t\t\t\t\t\t<div class=\"brand-content\">\n\n\t\t\t\t\t\t\t\t\t\t\t\t\t\t\t\t\t\t\t <img width=\"56\" height=\"47\" src=\"https:\/\/lonestarcultura.cat\/wp-content\/uploads\/2018\/05\/brand31.png\" class=\"pull-left img-responsive\" alt=\"brand3\" loading=\"lazy\" \/>\t\t\t\t\t\t\t\t\t\n\n\t\t\t\t\t\t\t\t\t<div class=\"media-body\">\n\n\t\t\t\t\t\t\t\t\t\t\t\t\t\t\t\t\t\t\t\t\t\t<h2>P\u00fablics<\/h2>\n\t\t\t\t\t\t\t\t\t\t\t\t\t\t\t\t\t\t\t\t\t\t\t\t\t\t\t\t\t\t\t\t<p>Organitzem accions que reflecteixen els canvis culturals de la societat i afavoreixen l\u2019acc\u00e9s de nous p\u00fablics a la cultura.<\/p>\n\t\t\t\t\t\t\t\t\t\t\t<\/div>\n\t\t\t\t\t\t\t\t<\/div>\n\t\t\t\t\t\t\t<\/div>\n\t\t\t\t\t\t\t\t<div class=\"col-sm-4\">\n\t\t\t\t\t\t\t\t<div class=\"brand-content\">\n\n\t\t\t\t\t\t\t\t\t\t\t\t\t\t\t\t\t\t\t <img width=\"56\" height=\"47\" src=\"https:\/\/lonestarcultura.cat\/wp-content\/uploads\/2018\/05\/brand11.png\" class=\"pull-left img-responsive\" alt=\"brand1\" loading=\"lazy\" \/>\t\t\t\t\t\t\t\t\t\n\n\t\t\t\t\t\t\t\t\t<div class=\"media-body\">\n\n\t\t\t\t\t\t\t\t\t\t\t\t\t\t\t\t\t\t\t\t\t\t<h2>Coneixement<\/h2>\n\t\t\t\t\t\t\t\t\t\t\t\t\t\t\t\t\t\t\t\t\t\t\t\t\t\t\t\t\t\t\t\t<p>Confer\u00e8ncies, festivals, seminaris, exposicions... Les nostres activitats s\u2019orienten a la formaci\u00f3 de criteri i de pensament cr\u00edtic.<\/p>\n\t\t\t\t\t\t\t\t\t\t\t<\/div>\n\t\t\t\t\t\t\t\t<\/div>\n\t\t\t\t\t\t\t<\/div>\n\t\n                <\/div>\n            <\/div>\n        <\/div>\n        <!--\/#brand-promotion-->\n    <\/div> <!--\/#home-carousel-->\n<\/div>\t\t<\/div>\n\t\t\t\t<\/div>\n\t\t\t\t\t\t<\/div>\n\t\t\t\t\t<\/div>\n\t\t<\/div>\n\t\t\t\t\t\t\t\t<\/div>\n\t\t\t\t\t<\/div>\n\t\t<\/section>\n\t\t\t\t\t\t\t\t\t<\/div>\n\t\t\t<\/div>\n\t\t\t\t\t<\/div>","protected":false},"excerpt":{"rendered":"<p>Mirades cr\u00edtiques Cinema Seminaris de cr\u00edtica i an\u00e0lisi cinematogr\u00e0fica per a p\u00fablic en general, a fi d\u2019enriquir la seva capacitat de valorar i gaudir del cinema. Escenaris socials Arts esc\u00e8niques Tallers per a adolescents i joves, jornades professionals i festivals. Formaci\u00f3, debat i gaudi: \u00e9s la nostra aposta. Pensament i reflexi\u00f3 Literatura i assaig Seminaris [&hellip;]<\/p>","protected":false},"author":1,"featured_media":0,"parent":0,"menu_order":0,"comment_status":"closed","ping_status":"closed","template":"template\/template-onepage.php","meta":[],"_links":{"self":[{"href":"https:\/\/lonestarcultura.cat\/es\/wp-json\/wp\/v2\/pages\/379"}],"collection":[{"href":"https:\/\/lonestarcultura.cat\/es\/wp-json\/wp\/v2\/pages"}],"about":[{"href":"https:\/\/lonestarcultura.cat\/es\/wp-json\/wp\/v2\/types\/page"}],"author":[{"embeddable":true,"href":"https:\/\/lonestarcultura.cat\/es\/wp-json\/wp\/v2\/users\/1"}],"replies":[{"embeddable":true,"href":"https:\/\/lonestarcultura.cat\/es\/wp-json\/wp\/v2\/comments?post=379"}],"version-history":[{"count":25,"href":"https:\/\/lonestarcultura.cat\/es\/wp-json\/wp\/v2\/pages\/379\/revisions"}],"predecessor-version":[{"id":598,"href":"https:\/\/lonestarcultura.cat\/es\/wp-json\/wp\/v2\/pages\/379\/revisions\/598"}],"wp:attachment":[{"href":"https:\/\/lonestarcultura.cat\/es\/wp-json\/wp\/v2\/media?parent=379"}],"curies":[{"name":"wp","href":"https:\/\/api.w.org\/{rel}","templated":true}]}}